{"id":23,"date":"2016-10-13T18:07:36","date_gmt":"2016-10-13T16:07:36","guid":{"rendered":"http:\/\/skiklub-boenigen.ch\/wordpress\/?page_id=23"},"modified":"2025-12-06T17:03:43","modified_gmt":"2025-12-06T16:03:43","slug":"veranstaltungen","status":"publish","type":"page","link":"https:\/\/skiklub-boenigen.ch\/?page_id=23","title":{"rendered":"Veranstaltungen"},"content":{"rendered":"\t\t<div data-elementor-type=\"wp-post\" data-elementor-id=\"23\" class=\"elementor elementor-23\">\n\t\t\t\t\t\t<section class=\"elementor-section elementor-top-section elementor-element elementor-element-69cd463 elementor-section-stretched elementor-section-height-min-height elementor-section-boxed elementor-section-height-default elementor-section-items-middle\" data-id=\"69cd463\" data-element_type=\"section\" data-e-type=\"section\" data-settings=\"{&quot;stretch_section&quot;:&quot;section-stretched&quot;,&quot;background_background&quot;:&quot;classic&quot;,&quot;shape_divider_bottom&quot;:&quot;mountains&quot;}\">\n\t\t\t\t\t\t\t<div class=\"elementor-background-overlay\"><\/div>\n\t\t\t\t\t\t<div class=\"elementor-shape elementor-shape-bottom\" aria-hidden=\"true\" data-negative=\"false\">\n\t\t\t<svg xmlns=\"http:\/\/www.w3.org\/2000\/svg\" viewBox=\"0 0 1000 100\" preserveAspectRatio=\"none\">\n\t<path class=\"elementor-shape-fill\" opacity=\"0.33\" d=\"M473,67.3c-203.9,88.3-263.1-34-320.3,0C66,119.1,0,59.7,0,59.7V0h1000v59.7 c0,0-62.1,26.1-94.9,29.3c-32.8,3.3-62.8-12.3-75.8-22.1C806,49.6,745.3,8.7,694.9,4.7S492.4,59,473,67.3z\"\/>\n\t<path class=\"elementor-shape-fill\" opacity=\"0.66\" d=\"M734,67.3c-45.5,0-77.2-23.2-129.1-39.1c-28.6-8.7-150.3-10.1-254,39.1 s-91.7-34.4-149.2,0C115.7,118.3,0,39.8,0,39.8V0h1000v36.5c0,0-28.2-18.5-92.1-18.5C810.2,18.1,775.7,67.3,734,67.3z\"\/>\n\t<path class=\"elementor-shape-fill\" d=\"M766.1,28.9c-200-57.5-266,65.5-395.1,19.5C242,1.8,242,5.4,184.8,20.6C128,35.8,132.3,44.9,89.9,52.5C28.6,63.7,0,0,0,0 h1000c0,0-9.9,40.9-83.6,48.1S829.6,47,766.1,28.9z\"\/>\n<\/svg>\t\t<\/div>\n\t\t\t\t\t<div class=\"elementor-container elementor-column-gap-default\">\n\t\t\t\t\t<div class=\"elementor-column elementor-col-100 elementor-top-column elementor-element elementor-element-a738bdb\" data-id=\"a738bdb\" data-element_type=\"column\" data-e-type=\"column\">\n\t\t\t<div class=\"elementor-widget-wrap elementor-element-populated\">\n\t\t\t\t\t\t<section class=\"elementor-section elementor-inner-section elementor-element elementor-element-25dde5d elementor-section-height-min-height elementor-section-content-middle elementor-section-boxed elementor-section-height-default\" data-id=\"25dde5d\" data-element_type=\"section\" data-e-type=\"section\">\n\t\t\t\t\t\t<div class=\"elementor-container elementor-column-gap-default\">\n\t\t\t\t\t<div class=\"elementor-column elementor-col-100 elementor-inner-column elementor-element elementor-element-18c5b74\" data-id=\"18c5b74\" data-element_type=\"column\" data-e-type=\"column\">\n\t\t\t<div class=\"elementor-widget-wrap elementor-element-populated\">\n\t\t\t\t\t\t<div class=\"elementor-element elementor-element-31e2d29 elementor-widget elementor-widget-writing-effect-headline\" data-id=\"31e2d29\" data-element_type=\"widget\" data-e-type=\"widget\" data-widget_type=\"writing-effect-headline.default\">\n\t\t\t\t<div class=\"elementor-widget-container\">\n\t\t\t\t\t        <h2 class=\"futurio-extra-written-headline\" data-speed=\"33\" data-delay=\"1000\" data-loop=\"0\">\r\n        \r\n                    <span class=\"written-lines\">Unsere Termine f\u00fcrs 2026<\/span>\r\n        \r\n                <\/h2>\r\n        \t\t\t\t<\/div>\n\t\t\t\t<\/div>\n\t\t\t\t\t<\/div>\n\t\t<\/div>\n\t\t\t\t\t<\/div>\n\t\t<\/section>\n\t\t\t\t\t<\/div>\n\t\t<\/div>\n\t\t\t\t\t<\/div>\n\t\t<\/section>\n\t\t\t\t<section class=\"elementor-section elementor-top-section elementor-element elementor-element-48b7981 elementor-section-boxed elementor-section-height-default elementor-section-height-default\" data-id=\"48b7981\" data-element_type=\"section\" data-e-type=\"section\">\n\t\t\t\t\t\t<div class=\"elementor-container elementor-column-gap-default\">\n\t\t\t\t\t<div class=\"elementor-column elementor-col-100 elementor-top-column elementor-element elementor-element-f594b56\" data-id=\"f594b56\" data-element_type=\"column\" data-e-type=\"column\">\n\t\t\t<div class=\"elementor-widget-wrap elementor-element-populated\">\n\t\t\t\t\t\t<div class=\"elementor-element elementor-element-1b46459 elementor-widget elementor-widget-spacer\" data-id=\"1b46459\" data-element_type=\"widget\" data-e-type=\"widget\" data-widget_type=\"spacer.default\">\n\t\t\t\t<div class=\"elementor-widget-container\">\n\t\t\t\t\t\t\t<div class=\"elementor-spacer\">\n\t\t\t<div class=\"elementor-spacer-inner\"><\/div>\n\t\t<\/div>\n\t\t\t\t\t\t<\/div>\n\t\t\t\t<\/div>\n\t\t\t\t\t<\/div>\n\t\t<\/div>\n\t\t\t\t\t<\/div>\n\t\t<\/section>\n\t\t\t\t<section class=\"elementor-section elementor-top-section elementor-element elementor-element-74bd571 elementor-section-boxed elementor-section-height-default elementor-section-height-default\" data-id=\"74bd571\" data-element_type=\"section\" data-e-type=\"section\">\n\t\t\t\t\t\t<div class=\"elementor-container elementor-column-gap-default\">\n\t\t\t\t\t<div class=\"elementor-column elementor-col-100 elementor-top-column elementor-element elementor-element-81d62a9\" data-id=\"81d62a9\" data-element_type=\"column\" data-e-type=\"column\">\n\t\t\t<div class=\"elementor-widget-wrap elementor-element-populated\">\n\t\t\t\t\t\t<div class=\"elementor-element elementor-element-4d3747f elementor-widget elementor-widget-text-editor\" data-id=\"4d3747f\" data-element_type=\"widget\" data-e-type=\"widget\" data-widget_type=\"text-editor.default\">\n\t\t\t\t<div class=\"elementor-widget-container\">\n\t\t\t\t\t\t\t\t\t<h3><span style=\"color: #999999;\"><span style=\"caret-color: #999999; letter-spacing: normal;\">Wir ver\u00f6ffentlichen auf unseren sozialen Kan\u00e4len immer wieder Updates zu unseren Anl\u00e4ssen und freuen uns \u00fcber eine jeweils grosse Teilnehmerzahl.<\/span><\/span><\/h3><p style=\"text-align: center;\"><span style=\"letter-spacing: 0px;\">\u00a0<\/span><\/p><div style=\"text-align: center;\"><div style=\"text-align: center;\"><div style=\"text-align: center;\"><div style=\"text-align: start;\"><div style=\"text-align: center;\"><div style=\"text-align: start;\">\u00a0<\/div><\/div><\/div><\/div><\/div><\/div><div><span style=\"color: #327399;\"><strong>\u00a0<\/strong><\/span><\/div><h4 style=\"text-align: center;\">\u00a0<strong style=\"font-size: 17px; letter-spacing: 0px;\"><span style=\"color: #999999;\">12. B\u00f6niger Vereisskirennen<\/span><\/strong><\/h4><div style=\"text-align: center;\"><div><div style=\"text-align: start;\"><div style=\"text-align: center;\"><div style=\"text-align: start;\"><div style=\"text-align: center;\"><div><span style=\"color: #327399;\"><strong>Sa, 21. M\u00e4rz 2026<\/strong><\/span><\/div><div>\u00a0<\/div><\/div><\/div><\/div><\/div><\/div><div><div><strong><span style=\"color: #999999;\">H\u00fcttenputz und Holzaktion<\/span><\/strong><\/div><div><span style=\"color: #327399;\"><strong>Sa+So, 20.+21. Juni 2026<\/strong><\/span><\/div><div>\u00a0<\/div><\/div><\/div><div style=\"text-align: center;\"><div><strong><span style=\"color: #999999;\">Sch\u00f6negg Br\u00e4tle<\/span><\/strong><\/div><div><span style=\"color: #327399;\"><strong>Sa+So, 15.+16. August 2026<\/strong><\/span><\/div><div><strong>\u00a0<\/strong><\/div><div><strong><span style=\"color: #999999;\">Schiessen + Darts<\/span><\/strong><br \/><span style=\"color: #327399;\"><strong>Fr, 4. September 2026<\/strong><\/span><\/div><\/div><div style=\"text-align: center;\">\u00a0<\/div><div style=\"text-align: center;\"><h4 style=\"text-align: center;\"><strong><span style=\"color: #999999;\">Surchabis-Abe<\/span><\/strong><br \/><span style=\"color: #327399;\">Sa+So, 24.+25. Oktober 2026<\/span><\/h4><div><span style=\"color: #327399;\">\u00a0<\/span><\/div><div><div><div style=\"text-align: start;\"><div style=\"text-align: center;\"><div style=\"text-align: start;\"><div style=\"text-align: center;\">\u00a0<strong style=\"color: inherit; font-family: inherit; font-size: 18px; letter-spacing: -0.02em;\"><span style=\"color: #999999;\">Hauptversammlung 2026<\/span><\/strong><\/div><\/div><\/div><\/div><\/div><h4 style=\"font-family: Montserrat; color: #686868;\"><span style=\"color: #327399;\">Sa, 5. Dezember 2026<\/span><\/h4><\/div><\/div>\t\t\t\t\t\t\t\t<\/div>\n\t\t\t\t<\/div>\n\t\t\t\t\t<\/div>\n\t\t<\/div>\n\t\t\t\t\t<\/div>\n\t\t<\/section>\n\t\t\t\t<section class=\"elementor-section elementor-top-section elementor-element elementor-element-4c7647f elementor-section-boxed elementor-section-height-default elementor-section-height-default\" data-id=\"4c7647f\" data-element_type=\"section\" data-e-type=\"section\">\n\t\t\t\t\t\t<div class=\"elementor-container elementor-column-gap-default\">\n\t\t\t\t\t<div class=\"elementor-column elementor-col-100 elementor-top-column elementor-element elementor-element-c7a3663\" data-id=\"c7a3663\" data-element_type=\"column\" data-e-type=\"column\">\n\t\t\t<div class=\"elementor-widget-wrap elementor-element-populated\">\n\t\t\t\t\t\t<div class=\"elementor-element elementor-element-a57f2dd elementor-widget elementor-widget-spacer\" data-id=\"a57f2dd\" data-element_type=\"widget\" data-e-type=\"widget\" data-widget_type=\"spacer.default\">\n\t\t\t\t<div class=\"elementor-widget-container\">\n\t\t\t\t\t\t\t<div class=\"elementor-spacer\">\n\t\t\t<div class=\"elementor-spacer-inner\"><\/div>\n\t\t<\/div>\n\t\t\t\t\t\t<\/div>\n\t\t\t\t<\/div>\n\t\t\t\t\t<\/div>\n\t\t<\/div>\n\t\t\t\t\t<\/div>\n\t\t<\/section>\n\t\t\t\t<section class=\"elementor-section elementor-top-section elementor-element elementor-element-15ebf1d elementor-section-stretched elementor-section-boxed elementor-section-height-default elementor-section-height-default\" data-id=\"15ebf1d\" data-element_type=\"section\" data-e-type=\"section\" data-settings=\"{&quot;stretch_section&quot;:&quot;section-stretched&quot;}\">\n\t\t\t\t\t\t<div class=\"elementor-container elementor-column-gap-default\">\n\t\t\t\t\t<div class=\"elementor-column elementor-col-100 elementor-top-column elementor-element elementor-element-56c4243\" data-id=\"56c4243\" data-element_type=\"column\" data-e-type=\"column\">\n\t\t\t<div class=\"elementor-widget-wrap elementor-element-populated\">\n\t\t\t\t\t\t<div class=\"elementor-element elementor-element-e11c3f6 elementor-arrows-position-inside elementor-pagination-position-outside elementor-widget elementor-widget-image-carousel\" data-id=\"e11c3f6\" data-element_type=\"widget\" data-e-type=\"widget\" data-settings=\"{&quot;slides_to_show&quot;:&quot;5&quot;,&quot;navigation&quot;:&quot;both&quot;,&quot;autoplay&quot;:&quot;yes&quot;,&quot;pause_on_hover&quot;:&quot;yes&quot;,&quot;pause_on_interaction&quot;:&quot;yes&quot;,&quot;autoplay_speed&quot;:5000,&quot;infinite&quot;:&quot;yes&quot;,&quot;speed&quot;:500}\" data-widget_type=\"image-carousel.default\">\n\t\t\t\t<div class=\"elementor-widget-container\">\n\t\t\t\t\t\t\t<div class=\"elementor-image-carousel-wrapper swiper\" role=\"region\" aria-roledescription=\"carousel\" aria-label=\"Bild Karussell\" dir=\"ltr\">\n\t\t\t<div class=\"elementor-image-carousel swiper-wrapper swiper-image-stretch\" aria-live=\"off\">\n\t\t\t\t\t\t\t\t<div class=\"swiper-slide\" role=\"group\" aria-roledescription=\"slide\" aria-label=\"1 von 22\"><figure class=\"swiper-slide-inner\"><img decoding=\"async\" class=\"swiper-slide-image\" src=\"https:\/\/skiklub-boenigen.ch\/wp-content\/uploads\/elementor\/thumbs\/7e8754a1-ac3f-4e2d-917c-8a24360b41dc-e1609067363701-p0haevbsskxkgmsk5b78637zemq0pitsmt9ab5f26o.jpg\" alt=\"7e8754a1-ac3f-4e2d-917c-8a24360b41dc\" \/><\/figure><\/div><div class=\"swiper-slide\" role=\"group\" aria-roledescription=\"slide\" aria-label=\"2 von 22\"><figure class=\"swiper-slide-inner\"><img decoding=\"async\" class=\"swiper-slide-image\" src=\"https:\/\/skiklub-boenigen.ch\/wp-content\/uploads\/elementor\/thumbs\/653e8c10-c2a6-445f-a9ab-02a219735e04-qmlpi3w4jcsqr1yje2rps1xwbrqqe8jrs279th8pu8.jpg\" alt=\"653e8c10-c2a6-445f-a9ab-02a219735e04\" \/><\/figure><\/div><div class=\"swiper-slide\" role=\"group\" aria-roledescription=\"slide\" aria-label=\"3 von 22\"><figure class=\"swiper-slide-inner\"><img decoding=\"async\" class=\"swiper-slide-image\" src=\"https:\/\/skiklub-boenigen.ch\/wp-content\/uploads\/elementor\/thumbs\/10015655_615110685240811_865164108_n-o5tggu9aptvuy1rnzrviuxzk72ldw7up2dfqdtxhw0.jpg\" alt=\"10015655_615110685240811_865164108_n\" \/><\/figure><\/div><div class=\"swiper-slide\" role=\"group\" aria-roledescription=\"slide\" aria-label=\"4 von 22\"><figure class=\"swiper-slide-inner\"><img decoding=\"async\" class=\"swiper-slide-image\" src=\"https:\/\/skiklub-boenigen.ch\/wp-content\/uploads\/elementor\/thumbs\/IMG_0499-scaled-qmlpizumzq0hpso47gl14tvkivd7ny2n8gds4vxbyo.jpg\" alt=\"IMG_0499\" \/><\/figure><\/div><div class=\"swiper-slide\" role=\"group\" aria-roledescription=\"slide\" aria-label=\"5 von 22\"><figure class=\"swiper-slide-inner\"><img decoding=\"async\" class=\"swiper-slide-image\" src=\"https:\/\/skiklub-boenigen.ch\/wp-content\/uploads\/elementor\/thumbs\/image00126-scaled-qmlpibeu2131bxnm660qc01l2upo3tdmh3f5noxkgg.jpeg\" alt=\"image00126\" \/><\/figure><\/div><div class=\"swiper-slide\" role=\"group\" aria-roledescription=\"slide\" aria-label=\"6 von 22\"><figure class=\"swiper-slide-inner\"><img decoding=\"async\" class=\"swiper-slide-image\" src=\"https:\/\/skiklub-boenigen.ch\/wp-content\/uploads\/elementor\/thumbs\/13477_810305635721314_2932990887678595444_n-o5tggv74wnx59nqauaa5ffr0sggr3wyfei37v3w3ps.jpg\" alt=\"13477_810305635721314_2932990887678595444_n\" \/><\/figure><\/div><div class=\"swiper-slide\" role=\"group\" aria-roledescription=\"slide\" aria-label=\"7 von 22\"><figure class=\"swiper-slide-inner\"><img decoding=\"async\" class=\"swiper-slide-image\" src=\"https:\/\/skiklub-boenigen.ch\/wp-content\/uploads\/elementor\/thumbs\/13403135_1050460615039147_2528784972047015098_o-o5tggw4z3hyfl9oxosorzxihduc4bm25qmqpcdupjk.jpg\" alt=\"13403135_1050460615039147_2528784972047015098_o\" \/><\/figure><\/div><div class=\"swiper-slide\" role=\"group\" aria-roledescription=\"slide\" aria-label=\"8 von 22\"><figure class=\"swiper-slide-inner\"><img decoding=\"async\" class=\"swiper-slide-image\" src=\"https:\/\/skiklub-boenigen.ch\/wp-content\/uploads\/elementor\/thumbs\/18921074_1396426397109232_7356963711028907871_o-o5tggy0nh6108hm7dti14x1ekm2ur09mew1oaxrx74.jpg\" alt=\"18921074_1396426397109232_7356963711028907871_o\" \/><\/figure><\/div><div class=\"swiper-slide\" role=\"group\" aria-roledescription=\"slide\" aria-label=\"9 von 22\"><figure class=\"swiper-slide-inner\"><img decoding=\"async\" class=\"swiper-slide-image\" src=\"https:\/\/skiklub-boenigen.ch\/wp-content\/uploads\/elementor\/thumbs\/31403631_1708246432593892_5173792423091896320_n-o5tgh2pufc7fujfdmdj5zdupjjfothsa3jb3pbkyc0.jpg\" alt=\"31403631_1708246432593892_5173792423091896320_n\" \/><\/figure><\/div><div class=\"swiper-slide\" role=\"group\" aria-roledescription=\"slide\" aria-label=\"10 von 22\"><figure class=\"swiper-slide-inner\"><img decoding=\"async\" class=\"swiper-slide-image\" src=\"https:\/\/skiklub-boenigen.ch\/wp-content\/uploads\/elementor\/thumbs\/44628859_1942438592508007_4637433290804953088_o-o5tgh2pufc7fujfdmdj5zdupjjfothsa3jb3pbkyc0.jpg\" alt=\"44628859_1942438592508007_4637433290804953088_o\" \/><\/figure><\/div><div class=\"swiper-slide\" role=\"group\" aria-roledescription=\"slide\" aria-label=\"11 von 22\"><figure class=\"swiper-slide-inner\"><img decoding=\"async\" class=\"swiper-slide-image\" src=\"https:\/\/skiklub-boenigen.ch\/wp-content\/uploads\/elementor\/thumbs\/DSC_0580-scaled-p0hag87enysh8ctk7wbtrqvyao13ts7u5j6j9jel74.jpg\" alt=\"DSC_0580\" \/><\/figure><\/div><div class=\"swiper-slide\" role=\"group\" aria-roledescription=\"slide\" aria-label=\"12 von 22\"><figure class=\"swiper-slide-inner\"><img decoding=\"async\" class=\"swiper-slide-image\" src=\"https:\/\/skiklub-boenigen.ch\/wp-content\/uploads\/elementor\/thumbs\/0ed07a8f-6ec7-4769-b1cd-91a3533a4a7f-qmlphsm29cdavqex7xw6y4sd75abtvazqidg25pfww.jpg\" alt=\"0ed07a8f-6ec7-4769-b1cd-91a3533a4a7f\" \/><\/figure><\/div><div class=\"swiper-slide\" role=\"group\" aria-roledescription=\"slide\" aria-label=\"13 von 22\"><figure class=\"swiper-slide-inner\"><img decoding=\"async\" class=\"swiper-slide-image\" src=\"https:\/\/skiklub-boenigen.ch\/wp-content\/uploads\/elementor\/thumbs\/3a3c6bd4-3d96-4821-93bf-5902347f8524-qmlphvfktuh5ukatrh42nm2qzawfgym6qwbwhzl9e8.jpg\" alt=\"3a3c6bd4-3d96-4821-93bf-5902347f8524\" \/><\/figure><\/div><div class=\"swiper-slide\" role=\"group\" aria-roledescription=\"slide\" aria-label=\"14 von 22\"><figure class=\"swiper-slide-inner\"><img decoding=\"async\" class=\"swiper-slide-image\" src=\"https:\/\/skiklub-boenigen.ch\/wp-content\/uploads\/elementor\/thumbs\/7AABD827-06C5-4BE3-9E71-D99D3DAA8791-qmlphy93ecl0te6qb0byd3d4rgij41xdraacxth2vk.jpg\" alt=\"7AABD827-06C5-4BE3-9E71-D99D3DAA8791\" \/><\/figure><\/div><div class=\"swiper-slide\" role=\"group\" aria-roledescription=\"slide\" aria-label=\"15 von 22\"><figure class=\"swiper-slide-inner\"><img decoding=\"async\" class=\"swiper-slide-image\" src=\"https:\/\/skiklub-boenigen.ch\/wp-content\/uploads\/elementor\/thumbs\/11b634e9-f857-47a8-9704-42fbbf9e852b-qmlpi04rs0nlgm400157i2w1y899jg4ufjlbwdeaj4.jpg\" alt=\"11b634e9-f857-47a8-9704-42fbbf9e852b\" \/><\/figure><\/div><div class=\"swiper-slide\" role=\"group\" aria-roledescription=\"slide\" aria-label=\"16 von 22\"><figure class=\"swiper-slide-inner\"><img decoding=\"async\" class=\"swiper-slide-image\" src=\"https:\/\/skiklub-boenigen.ch\/wp-content\/uploads\/elementor\/thumbs\/IMG_0226-scaled-qmlpinmqivjriv5v6tavqeyksv1fvvq4urwgwafg7k.jpg\" alt=\"IMG_0226\" \/><\/figure><\/div><div class=\"swiper-slide\" role=\"group\" aria-roledescription=\"slide\" aria-label=\"17 von 22\"><figure class=\"swiper-slide-inner\"><img decoding=\"async\" class=\"swiper-slide-image\" src=\"https:\/\/skiklub-boenigen.ch\/wp-content\/uploads\/elementor\/thumbs\/IMG_0535-scaled-qmlpj990w2dcxwagoknatri6gq2vsx3ylqwmxnje8g.jpg\" alt=\"IMG_0535\" \/><\/figure><\/div><div class=\"swiper-slide\" role=\"group\" aria-roledescription=\"slide\" aria-label=\"18 von 22\"><figure class=\"swiper-slide-inner\"><img decoding=\"async\" class=\"swiper-slide-image\" src=\"https:\/\/skiklub-boenigen.ch\/wp-content\/uploads\/elementor\/thumbs\/IMG_6626-scaled-qmlpjjl8z8rihlvg074736w8zynx5l90b62z7p42c0.jpg\" alt=\"IMG_6626\" \/><\/figure><\/div><div class=\"swiper-slide\" role=\"group\" aria-roledescription=\"slide\" aria-label=\"19 von 22\"><figure class=\"swiper-slide-inner\"><img decoding=\"async\" class=\"swiper-slide-image\" src=\"https:\/\/skiklub-boenigen.ch\/wp-content\/uploads\/elementor\/thumbs\/IMG_7273-scaled-qmlpjuvb996ycxf26bzpx41s4l4bpyhscpwsz0nc9c.jpg\" alt=\"IMG_7273\" \/><\/figure><\/div><div class=\"swiper-slide\" role=\"group\" aria-roledescription=\"slide\" aria-label=\"20 von 22\"><figure class=\"swiper-slide-inner\"><img decoding=\"async\" class=\"swiper-slide-image\" src=\"https:\/\/skiklub-boenigen.ch\/wp-content\/uploads\/elementor\/thumbs\/IMG_7280-scaled-qmlpk49p5ljtl11eng1zm1oe2ftzuxj3q0fnrs9ej4.jpg\" alt=\"IMG_7280\" \/><\/figure><\/div><div class=\"swiper-slide\" role=\"group\" aria-roledescription=\"slide\" aria-label=\"21 von 22\"><figure class=\"swiper-slide-inner\"><img decoding=\"async\" class=\"swiper-slide-image\" src=\"https:\/\/skiklub-boenigen.ch\/wp-content\/uploads\/elementor\/thumbs\/IMG_8343-scaled-qmlpkdo31xwot4nr4k49azb00ajnzwkf3ayikjvgsw.jpg\" alt=\"IMG_8343\" \/><\/figure><\/div><div class=\"swiper-slide\" role=\"group\" aria-roledescription=\"slide\" aria-label=\"22 von 22\"><figure class=\"swiper-slide-inner\"><img decoding=\"async\" class=\"swiper-slide-image\" src=\"https:\/\/skiklub-boenigen.ch\/wp-content\/uploads\/elementor\/thumbs\/Vereinsskirennen_24_b-127-scaled-qmlpl4xek4y05tk5pdwftafd8gtb74kmv1vlhkr1sg.jpg\" alt=\"Vereinsskirennen_24_b-127\" \/><\/figure><\/div>\t\t\t<\/div>\n\t\t\t\t\t\t\t\t\t\t\t\t<div class=\"elementor-swiper-button elementor-swiper-button-prev\" role=\"button\" tabindex=\"0\">\n\t\t\t\t\t\t<i aria-hidden=\"true\" class=\"eicon-chevron-left\"><\/i>\t\t\t\t\t<\/div>\n\t\t\t\t\t<div class=\"elementor-swiper-button elementor-swiper-button-next\" role=\"button\" tabindex=\"0\">\n\t\t\t\t\t\t<i aria-hidden=\"true\" class=\"eicon-chevron-right\"><\/i>\t\t\t\t\t<\/div>\n\t\t\t\t\n\t\t\t\t\t\t\t\t\t<div class=\"swiper-pagination\"><\/div>\n\t\t\t\t\t\t\t\t\t<\/div>\n\t\t\t\t\t\t<\/div>\n\t\t\t\t<\/div>\n\t\t\t\t\t<\/div>\n\t\t<\/div>\n\t\t\t\t\t<\/div>\n\t\t<\/section>\n\t\t\t\t<\/div>\n\t\t","protected":false},"excerpt":{"rendered":"<p>Unsere Termine f\u00fcrs 2026 Wir ver\u00f6ffentlichen auf unseren sozialen Kan\u00e4len immer wieder Updates zu unseren Anl\u00e4ssen und freuen uns \u00fcber eine jeweils grosse Teilnehmerzahl. \u00a0 \u00a0\u00a0 \u00a012. B\u00f6niger Vereisskirennen Sa, 21. M\u00e4rz 2026\u00a0H\u00fcttenputz und HolzaktionSa+So, 20.+21. Juni 2026\u00a0Sch\u00f6negg Br\u00e4tleSa+So, 15.+16. August 2026\u00a0Schiessen + DartsFr, 4. September 2026\u00a0 Surchabis-AbeSa+So, 24.+25. Oktober 2026 \u00a0\u00a0Hauptversammlung 2026 Sa, 5.&hellip;<\/p>\n","protected":false},"author":1,"featured_media":0,"parent":0,"menu_order":0,"comment_status":"closed","ping_status":"closed","template":"","meta":{"footnotes":""},"class_list":["post-23","page","type-page","status-publish","hentry"],"_links":{"self":[{"href":"https:\/\/skiklub-boenigen.ch\/index.php?rest_route=\/wp\/v2\/pages\/23","targetHints":{"allow":["GET"]}}],"collection":[{"href":"https:\/\/skiklub-boenigen.ch\/index.php?rest_route=\/wp\/v2\/pages"}],"about":[{"href":"https:\/\/skiklub-boenigen.ch\/index.php?rest_route=\/wp\/v2\/types\/page"}],"author":[{"embeddable":true,"href":"https:\/\/skiklub-boenigen.ch\/index.php?rest_route=\/wp\/v2\/users\/1"}],"replies":[{"embeddable":true,"href":"https:\/\/skiklub-boenigen.ch\/index.php?rest_route=%2Fwp%2Fv2%2Fcomments&post=23"}],"version-history":[{"count":244,"href":"https:\/\/skiklub-boenigen.ch\/index.php?rest_route=\/wp\/v2\/pages\/23\/revisions"}],"predecessor-version":[{"id":3996,"href":"https:\/\/skiklub-boenigen.ch\/index.php?rest_route=\/wp\/v2\/pages\/23\/revisions\/3996"}],"wp:attachment":[{"href":"https:\/\/skiklub-boenigen.ch\/index.php?rest_route=%2Fwp%2Fv2%2Fmedia&parent=23"}],"curies":[{"name":"wp","href":"https:\/\/api.w.org\/{rel}","templated":true}]}}